{"id":7,"date":"2018-02-25T01:33:55","date_gmt":"2018-02-25T01:33:55","guid":{"rendered":"http:\/\/arnaut.ch\/?page_id=7"},"modified":"2020-04-06T23:07:04","modified_gmt":"2020-04-06T23:07:04","slug":"startseite","status":"publish","type":"page","link":"https:\/\/arnaut.ch\/","title":{"rendered":"RESTAURANT FAT`N`HAPPY"},"content":{"rendered":"\n<p>Fat`n`Happy &#8211; Ihre Soul Food Oase in Sch\u00f6nenwerd<\/p>\n\n\n\n<p>Unser Angebot richtet sich vorwiegend an die Internationale K\u00fcche, mit Spezialit\u00e4ten von verschiedenen Welten, wobei wir auch ungew\u00f6hnliches auf den Teller zaubern, wie feinstes Bison-Steak oder zartes K\u00e4nguru. Der gr\u00f6sste Hit ist aber eindeutig der Cordon-Bleu, der von 200 gr. aufw\u00e4rts nach Wunsch bestellt kann. Selbstverst\u00e4ndlich kommen auch Vegetarier auf Ihre Kosten, wir haben f\u00fcr jeden Geschmack etwas Feines in der Pfanne. Wir stehen Ihnen 7 Tage in der Woche von 9.30 bis 23.00 Uhr zur Verf\u00fcgung und w\u00fcrden uns freuen, Sie schon bald pers\u00f6nlich begr\u00fcssen zu d\u00fcrfen. F\u00fcr Ihren Anlass stellen wir Ihnen auch verschiedene Men\u00fcs zusammen, ganz nach Ihrem Wunsch ausgerichtet. Von gew\u00f6hnlichem Rahmschnitzel bis zum feinsten Rindsfilet, bei uns bekommen Sie wirklich alles. <\/p>\n\n\n\n<p>Mit freundlichen Gr\u00fcssen das Fat`n`Happy Team<\/p>\n","protected":false},"excerpt":{"rendered":"<p>Fat`n`Happy &#8211; Ihre Soul Food Oase in Sch\u00f6nenwerd Unser Angebot richtet sich vorwiegend an die Internationale K\u00fcche, mit Spezialit\u00e4ten von verschiedenen Welten, wobei wir auch ungew\u00f6hnliches auf den Teller zaubern, wie feinstes Bison-Steak oder zartes K\u00e4nguru. Der gr\u00f6sste Hit ist aber eindeutig der Cordon-Bleu, der von 200 gr. aufw\u00e4rts nach Wunsch bestellt kann. Selbstverst\u00e4ndlich kommen &hellip; <\/p>\n<p class=\"link-more\"><a href=\"https:\/\/arnaut.ch\/\" class=\"more-link\"><span class=\"screen-reader-text\">\u201eRESTAURANT FAT`N`HAPPY\u201c<\/span> weiterlesen<\/a><\/p>\n","protected":false},"author":1,"featured_media":76,"parent":0,"menu_order":0,"comment_status":"closed","ping_status":"closed","template":"","meta":[],"_links":{"self":[{"href":"https:\/\/arnaut.ch\/index.php\/wp-json\/wp\/v2\/pages\/7"}],"collection":[{"href":"https:\/\/arnaut.ch\/index.php\/wp-json\/wp\/v2\/pages"}],"about":[{"href":"https:\/\/arnaut.ch\/index.php\/wp-json\/wp\/v2\/types\/page"}],"author":[{"embeddable":true,"href":"https:\/\/arnaut.ch\/index.php\/wp-json\/wp\/v2\/users\/1"}],"replies":[{"embeddable":true,"href":"https:\/\/arnaut.ch\/index.php\/wp-json\/wp\/v2\/comments?post=7"}],"version-history":[{"count":5,"href":"https:\/\/arnaut.ch\/index.php\/wp-json\/wp\/v2\/pages\/7\/revisions"}],"predecessor-version":[{"id":69,"href":"https:\/\/arnaut.ch\/index.php\/wp-json\/wp\/v2\/pages\/7\/revisions\/69"}],"wp:featuredmedia":[{"embeddable":true,"href":"https:\/\/arnaut.ch\/index.php\/wp-json\/wp\/v2\/media\/76"}],"wp:attachment":[{"href":"https:\/\/arnaut.ch\/index.php\/wp-json\/wp\/v2\/media?parent=7"}],"curies":[{"name":"wp","href":"https:\/\/api.w.org\/{rel}","templated":true}]}}